{"id":962,"date":"2022-06-29T12:59:35","date_gmt":"2022-06-29T10:59:35","guid":{"rendered":"http:\/\/www.ovooro.com\/?page_id=962"},"modified":"2022-06-29T13:00:07","modified_gmt":"2022-06-29T11:00:07","slug":"conditions-livraison","status":"publish","type":"page","link":"https:\/\/www.ovooro.com\/fr_ca\/conditions-livraison\/","title":{"rendered":"Conditions de livraison"},"content":{"rendered":"<p>Conditions de livraison<br>Les PRODUITS sont exp\u00e9di\u00e9s \u00e0 (aux) l\u2019adresse(s) de livraison que le CLIENT aura indiqu\u00e9e(s) au cours du processus de commande.<\/p>\n\n\n\n<p>D\u00e9lai d\u2019exp\u00e9dition<\/p>\n\n\n\n<p>Les d\u00e9lais pour pr\u00e9parer une commande puis \u00e9tablir la facture, avant exp\u00e9dition des PRODUITS en stock sont mentionn\u00e9s sur le SITE. Ces d\u00e9lais s\u2019entendent hors weekends ou jours f\u00e9ri\u00e9s.<\/p>\n\n\n\n<p>Un message \u00e9lectronique sera automatiquement adress\u00e9 au CLIENT au moment de l\u2019exp\u00e9dition des PRODUITS, \u00e0 condition que l\u2019adresse \u00e9lectronique figurant dans le formulaire d\u2019inscription soit correcte.<\/p>\n\n\n\n<p>D\u00e9lais &amp; Frais de livraison<\/p>\n\n\n\n<p>Au cours du processus de commande, Le VENDEUR indique au CLIENT les d\u00e9lais et formules d\u2019exp\u00e9dition possibles pour les PRODUITS achet\u00e9s.<\/p>\n\n\n\n<p>Les co\u00fbts d\u2019exp\u00e9dition sont calcul\u00e9s en fonction du mode de livraison. Le montant de ces co\u00fbts sera d\u00fb par le CLIENT en sus du prix des PRODUITS achet\u00e9s.<\/p>\n\n\n\n<p>Le d\u00e9tail des d\u00e9lais et frais de livraison est d\u00e9taill\u00e9 sur le SITE.<\/p>\n\n\n\n<p>Modalit\u00e9s de LIVRAISON<\/p>\n\n\n\n<p>Le colis sera remis au CLIENT contre signature et sur pr\u00e9sentation d\u2019une pi\u00e8ce d\u2019identit\u00e9.<\/p>\n\n\n\n<p>En cas d\u2019absence, un avis de passage sera laiss\u00e9 au CLIENT, afin de lui permettre d\u2019aller chercher son colis dans son bureau de poste.<\/p>\n\n\n\n<p>La responsabilit\u00e9 d&#8217;aller chercher le colis en bureau de poste dans un d\u00e9lais \u00e9tabli de 10 jours est remise au CLIENT, le VENDEUR ne pourras pas \u00eatre tenu responsable d&#8217;un colis d\u00e9truit, ou qui ne lui sera pas retourn\u00e9 par les services de poste et ce motif ne constitue pas un moyen d&#8217;obtenir un quelconque remboursement.<\/p>\n\n\n\n<p>Probl\u00e8mes de LIVRAISON<\/p>\n\n\n\n<p>Le CLIENT est inform\u00e9 de la date de livraison fix\u00e9e au moment o\u00f9 il choisit le transporteur, \u00e0 la fin de la proc\u00e9dure de commande en ligne, avant de confirmer la commande.<\/p>\n\n\n\n<p>Il est pr\u00e9cis\u00e9 que les livraisons seront effectu\u00e9es sous trente (30) jours maximum. A d\u00e9faut, le CLIENT doit mettre en demeure le VENDEUR de livrer dans un d\u00e9lai raisonnable et en cas de non livraison dans ce d\u00e9lai, il pourra r\u00e9silier le contrat.<\/p>\n\n\n\n<p>Le VENDEUR remboursera, sans retard excessif \u00e0 compter de la r\u00e9ception de la lettre de r\u00e9siliation, au CLIENT le montant total pay\u00e9 pour les PRODUITS, taxes et frais de livraison inclus, au moyen du m\u00eame mode de paiement que celui utilis\u00e9 par le CLIENT pour acheter les PRODUITS.<\/p>\n\n\n\n<p>Le VENDEUR est responsable jusqu\u2019\u00e0 la livraison du PRODUIT au CLIENT. Il est rappel\u00e9 que le CLIENT dispose d\u2019un d\u00e9lai de trois (3) jours pour notifier au transporteur les avaries ou pertes partielles constat\u00e9es lors de la livraison.<\/p>\n\n\n\n<p>Changement \/ Erreur dans l&#8217;Adresse de LIVRAISON<\/p>\n\n\n\n<p>Le CLIENT dispose d&#8217;un d\u00e9lais de 24h pour avertir d&#8217;un changement ou d&#8217;une erreur dans l&#8217;adresse de livraison. Si ce d\u00e9lais est d\u00e9pass\u00e9, le VENDEUR ne pourra pas \u00eatre tenu responsable d&#8217;un quelconque d\u00e9faut de LIVRAISON. Le CLIENT est responsable et se doit de v\u00e9rifier qu&#8217;aucune erreur dans l&#8217;adresse n&#8217;ai \u00e9t\u00e9 comise lors du passage de la COMMANDE.<\/p>\n\n\n<script language='javascript' type='text\/javascript'>function getWR360PopupSkin(){return 'light_clean';}<\/script>","protected":false},"excerpt":{"rendered":"<p>Conditions de livraisonLes PRODUITS sont exp\u00e9di\u00e9s \u00e0 (aux) l\u2019adresse(s) de livraison que le CLIENT aura indiqu\u00e9e(s) au cours du processus de commande. D\u00e9lai d\u2019exp\u00e9dition Les d\u00e9lais pour pr\u00e9parer une commande puis \u00e9tablir la facture, avant exp\u00e9dition des PRODUITS en stock sont mentionn\u00e9s sur le SITE. Ces d\u00e9lais s\u2019entendent hors weekends ou jours f\u00e9ri\u00e9s. Un message \u00e9lectronique sera automatiquement adress\u00e9 au CLIENT au moment de l\u2019exp\u00e9dition des PRODUITS, \u00e0 condition que l\u2019adresse \u00e9lectronique figurant dans le formulaire d\u2019inscription soit correcte. D\u00e9lais &amp; Frais de livraison Au cours du processus de commande, Le VENDEUR indique au CLIENT les d\u00e9lais et formules d\u2019exp\u00e9dition possibles pour les PRODUITS achet\u00e9s. Les co\u00fbts d\u2019exp\u00e9dition sont calcul\u00e9s en fonction du mode de livraison. Le montant de ces co\u00fbts sera d\u00fb par le CLIENT en sus du prix des PRODUITS achet\u00e9s. Le d\u00e9tail des d\u00e9lais et frais de livraison est d\u00e9taill\u00e9 sur le SITE. Modalit\u00e9s de LIVRAISON Le colis sera remis au CLIENT contre signature et sur pr\u00e9sentation d\u2019une pi\u00e8ce d\u2019identit\u00e9. En cas d\u2019absence, un avis de passage sera laiss\u00e9 au CLIENT, afin de lui permettre d\u2019aller chercher son colis dans son bureau de poste. La responsabilit\u00e9 d&#8217;aller chercher le colis en bureau de poste dans un d\u00e9lais \u00e9tabli de 10 jours est remise au CLIENT, le VENDEUR ne pourras pas \u00eatre tenu responsable d&#8217;un colis d\u00e9truit, ou qui ne lui sera pas retourn\u00e9 par les services de poste et ce motif ne constitue pas un moyen d&#8217;obtenir un quelconque remboursement. Probl\u00e8mes de LIVRAISON Le CLIENT est inform\u00e9 de la date de livraison fix\u00e9e au moment o\u00f9 il choisit le transporteur, \u00e0 la fin de la proc\u00e9dure de commande en ligne, avant de confirmer la commande. Il est pr\u00e9cis\u00e9 que les livraisons seront effectu\u00e9es sous trente (30) jours maximum. A d\u00e9faut, le CLIENT doit mettre en demeure le VENDEUR de livrer dans un d\u00e9lai raisonnable et en cas de non livraison dans ce d\u00e9lai, il pourra r\u00e9silier le contrat. Le VENDEUR remboursera, sans retard excessif \u00e0 compter de la r\u00e9ception de la lettre de r\u00e9siliation, au CLIENT le montant total pay\u00e9 pour les PRODUITS, taxes et frais de livraison inclus, au moyen du m\u00eame mode de paiement que celui utilis\u00e9 par le CLIENT pour acheter les PRODUITS. Le VENDEUR est responsable jusqu\u2019\u00e0 la livraison du PRODUIT au CLIENT. Il est rappel\u00e9 que le CLIENT dispose d\u2019un d\u00e9lai de trois (3) jours pour notifier au transporteur les avaries ou pertes partielles constat\u00e9es lors de la livraison. Changement \/ Erreur dans l&#8217;Adresse de LIVRAISON Le CLIENT dispose d&#8217;un d\u00e9lais de 24h pour avertir d&#8217;un changement ou d&#8217;une erreur dans l&#8217;adresse de livraison. Si ce d\u00e9lais est d\u00e9pass\u00e9, le VENDEUR ne pourra pas \u00eatre tenu responsable d&#8217;un quelconque d\u00e9faut de LIVRAISON. Le CLIENT est responsable et se doit de v\u00e9rifier qu&#8217;aucune erreur dans l&#8217;adresse n&#8217;ai \u00e9t\u00e9 comise lors du passage de la COMMANDE.<\/p>","protected":false},"author":1,"featured_media":0,"parent":0,"menu_order":0,"comment_status":"closed","ping_status":"closed","template":"","meta":{"inline_featured_image":false,"_themeisle_gutenberg_block_has_review":false},"_links":{"self":[{"href":"https:\/\/www.ovooro.com\/fr_ca\/wp-json\/wp\/v2\/pages\/962"}],"collection":[{"href":"https:\/\/www.ovooro.com\/fr_ca\/wp-json\/wp\/v2\/pages"}],"about":[{"href":"https:\/\/www.ovooro.com\/fr_ca\/wp-json\/wp\/v2\/types\/page"}],"author":[{"embeddable":true,"href":"https:\/\/www.ovooro.com\/fr_ca\/wp-json\/wp\/v2\/users\/1"}],"replies":[{"embeddable":true,"href":"https:\/\/www.ovooro.com\/fr_ca\/wp-json\/wp\/v2\/comments?post=962"}],"version-history":[{"count":0,"href":"https:\/\/www.ovooro.com\/fr_ca\/wp-json\/wp\/v2\/pages\/962\/revisions"}],"wp:attachment":[{"href":"https:\/\/www.ovooro.com\/fr_ca\/wp-json\/wp\/v2\/media?parent=962"}],"curies":[{"name":"wp","href":"https:\/\/api.w.org\/{rel}","templated":true}]}}