{"id":443,"date":"2021-07-19T18:45:50","date_gmt":"2021-07-19T16:45:50","guid":{"rendered":"http:\/\/www.ovooro.com\/?page_id=443"},"modified":"2021-07-19T18:48:57","modified_gmt":"2021-07-19T16:48:57","slug":"suivre-ma-commande","status":"publish","type":"page","link":"https:\/\/www.ovooro.com\/fr_ca\/suivre-ma-commande\/","title":{"rendered":"Suivre ma commande"},"content":{"rendered":"<div style=\"max-width: 680px; margin: 0 auto;\">\n            <div style=\"display: flex; margin-bottom: 20px; height:40px;\">\n              <input id=\"trackNum\" maxlength=\"50\" type=\"text\" placeholder=\"Ins\u00e9rez votre num\u00e9ro de suivi envoy\u00e9 par e-mail, exemple : YT8141821222000048\" style=\"box-sizing:content-box; flex: 1; margin-right: 10px; padding: 0; padding-left: 10px; padding-right: 10px; border: 1px solid #9e9e9e; height: calc(100% - 2px);\">\n              <input onclick=\"inputTrack()\" type=\"button\" value=\"SUIVRE\" style=\" border: 1px solid #000; border-radius: 2px; padding: 8px 0; width: 80px; height: 100%; color: #fff; font-size: 14px; background-color: #fd4f00;\">\n            <\/div>\n            <div id=\"trackContainer\"><\/div>\n          <\/div>\n\n          <script src=\"https:\/\/trackdog-1251220924.file.myqcloud.com\/static\/externalcall.min.js\"><\/script>\n          <script>\n            \/\/ <![CDATA[\n            function inputTrack() {\n              var num = document.getElementById(\"trackNum\").value;\n              if (num === \"\") {\n                alert(\"Please enter tracking number\");\n                return;\n              }\n              TDTrackJs.trackAppend({\n                TD_ContainerId: \"trackContainer\",\n                TD_Num: num,\n                TD_Code: \"\",\n                TD_Lang: \"fr\",\n                TD_Width: 680,\n                TD_Height: 560\n              });\n            }\n            \/\/ ]]>\n          <\/script>\n<script language='javascript' type='text\/javascript'>function getWR360PopupSkin(){return 'light_clean';}<\/script>","protected":false},"excerpt":{"rendered":"","protected":false},"author":1,"featured_media":0,"parent":0,"menu_order":0,"comment_status":"closed","ping_status":"closed","template":"","meta":{"inline_featured_image":false,"_themeisle_gutenberg_block_has_review":false},"_links":{"self":[{"href":"https:\/\/www.ovooro.com\/fr_ca\/wp-json\/wp\/v2\/pages\/443"}],"collection":[{"href":"https:\/\/www.ovooro.com\/fr_ca\/wp-json\/wp\/v2\/pages"}],"about":[{"href":"https:\/\/www.ovooro.com\/fr_ca\/wp-json\/wp\/v2\/types\/page"}],"author":[{"embeddable":true,"href":"https:\/\/www.ovooro.com\/fr_ca\/wp-json\/wp\/v2\/users\/1"}],"replies":[{"embeddable":true,"href":"https:\/\/www.ovooro.com\/fr_ca\/wp-json\/wp\/v2\/comments?post=443"}],"version-history":[{"count":0,"href":"https:\/\/www.ovooro.com\/fr_ca\/wp-json\/wp\/v2\/pages\/443\/revisions"}],"wp:attachment":[{"href":"https:\/\/www.ovooro.com\/fr_ca\/wp-json\/wp\/v2\/media?parent=443"}],"curies":[{"name":"wp","href":"https:\/\/api.w.org\/{rel}","templated":true}]}}