{"id":89,"date":"2021-07-07T17:11:17","date_gmt":"2021-07-07T15:11:17","guid":{"rendered":"http:\/\/www.ovooro.com\/?post_type=product&#038;p=89"},"modified":"2022-07-12T00:43:27","modified_gmt":"2022-07-11T22:43:27","slug":"casque-enfant-velo-trottinette-skateboard-roller-patin-crocodile","status":"publish","type":"product","link":"https:\/\/www.ovooro.com\/fr_be\/produits\/casques-enfants\/casque-enfant-velo-trottinette-skateboard-roller-patin-crocodile\/","title":{"rendered":"Casque Enfant Crocodile"},"content":{"rendered":"<h2>Pr\u00e9sentation du Casque Crocodile Ovooro<\/h2>\n<p>Le casque pour enfant au design de crocodile Ovooro sera superbe pour passer un moment en toute s\u00e9curit\u00e9 sur V\u00e9lo, vtt, roller, skate ou trottinette pour les gar\u00e7ons ou filles en bas \u00e2ge; ce mod\u00e8le poss\u00e8de tout le confort et la s\u00e9curit\u00e9 qu\u2019offrent les casques enfants Ovooro. Celui-ci avec un vrai motif de crocodile mignon est disponible en rose, vert ou vert pomme. Un casque qui offrira des souvenirs in\u00e9dits.<\/p>\n<h3>Contenu du colis<\/h3>\n<ul>\n<li>Casque Crocodile au complet avec sangles et mousses<\/li>\n<li>Feu de visibilit\u00e9 arri\u00e8re avec pile incluse<\/li>\n<\/ul>\n<p>\t\t<div data-elementor-type=\"section\" data-elementor-id=\"1127\" class=\"elementor elementor-1127\">\n\t\t\t\t\t\t\t\t<section class=\"elementor-section elementor-top-section elementor-element elementor-element-f2b56ea elementor-section-full_width elementor-section-gap-beside-yes elementor-section-height-default elementor-section-height-default elementor-section-column-vertical-align-stretch\" data-id=\"f2b56ea\" data-element_type=\"section\">\n\t\t\t\t\t\t<div class=\"elementor-container elementor-column-gap-narrow\">\n\t\t\t\t\t<div class=\"elementor-column elementor-col-50 elementor-top-column elementor-element elementor-element-5da5c14\" data-id=\"5da5c14\" data-element_type=\"column\">\n\t\t\t<div class=\"elementor-widget-wrap elementor-element-populated\">\n\t\t\t\t\t\t\t\t<div class=\"elementor-element elementor-element-6e3c789 elementor-widget elementor-widget-text-editor\" data-id=\"6e3c789\" data-element_type=\"widget\" data-widget_type=\"text-editor.default\">\n\t\t\t\t<div class=\"elementor-widget-container\">\n\t\t\t<style>\/*! elementor - v3.11.2 - 22-02-2023 *\/\n.elementor-widget-text-editor.elementor-drop-cap-view-stacked .elementor-drop-cap{background-color:#818a91;color:#fff}.elementor-widget-text-editor.elementor-drop-cap-view-framed .elementor-drop-cap{color:#818a91;border:3px solid;background-color:transparent}.elementor-widget-text-editor:not(.elementor-drop-cap-view-default) .elementor-drop-cap{margin-top:8px}.elementor-widget-text-editor:not(.elementor-drop-cap-view-default) .elementor-drop-cap-letter{width:1em;height:1em}.elementor-widget-text-editor .elementor-drop-cap{float:left;text-align:center;line-height:1;font-size:50px}.elementor-widget-text-editor .elementor-drop-cap-letter{display:inline-block}<\/style>\t\t\t\t<h3>Mousses int\u00e9rieures haute densit\u00e9<\/h3><p><img class=\"wp-image-1131 size-thumbnail alignleft\" src=\"http:\/\/www.ovooro.com\/wp-content\/uploads\/2022\/07\/Mousses-interieures-casques-enfants-150x150.png\" alt=\"Mousses int\u00e9rieures casques enfants pour le v\u00e9lo, roller, skate, trottinette\" width=\"150\" height=\"150\" \/><\/p><h4>Confort des mousses<\/h4><p>Les casques enfants Ovooro sont \u00e9quip\u00e9s de mousses int\u00e9rieures denses et l\u00e9g\u00e8res qui \u00e9pouseront la forme du cr\u00e2ne afin de ne pas avoir de douleurs g\u00eanantes sans augmenter le poids du casque.<\/p><h4>S\u00e9chage rapide<\/h4><p>Respirantes et a\u00e9r\u00e9es nos mousses haute densit\u00e9 \u00e9vacuent facilement la transpiration et s\u00e8chent rapidement afin d&#8217;offrir les meilleures sensations.<\/p><h3>A\u00e9ration du casque<\/h3><p><img class=\"alignleft wp-image-1137 size-thumbnail\" src=\"http:\/\/www.ovooro.com\/wp-content\/uploads\/2022\/07\/systeme-aeration-casques-enfant-ovooro-150x150.png\" alt=\"A\u00e9ration des casques enfants ovooro pour le v\u00e9lo, vtt, skate, et trottinette\" width=\"150\" height=\"150\" \/><\/p><h4>Ventilation agr\u00e9able<\/h4><p>Ce casque est \u00e9quip\u00e9 de son propre syst\u00e8me de ventilation et poss\u00e8de un placement intelligent des trous d&#8217;a\u00e9ration afin d&#8217;offrir un v\u00e9ritable confort \u00e0 l&#8217;enfant qui n&#8217;aura jamais trop chaud en le portant.<\/p><h3>Conception de la coque<\/h3><p><img class=\"alignleft wp-image-1140 size-thumbnail\" src=\"http:\/\/www.ovooro.com\/wp-content\/uploads\/2022\/07\/coque-eps-ovooro-casque-enfant-150x150.png\" alt=\"Conception de la coque casques enfants pour le v\u00e9lo roller, skate et trottinette OVOORO\" width=\"150\" height=\"150\" \/><\/p><h4>Assemblage EPS<\/h4><p>Ce mod\u00e8le est assembl\u00e9 avec une coque thermoform\u00e9e et une protection 100% acrylonitrile butadi\u00e8ne styr\u00e8ne afin d&#8217;obtenir une protection maximum en cas de chute. Un casque pour enfant certifi\u00e9 NF EN 1078, CE, et CPSC.<\/p>\t\t\t\t\t\t<\/div>\n\t\t\t\t<\/div>\n\t\t\t\t\t<\/div>\n\t\t<\/div>\n\t\t\t\t<div class=\"elementor-column elementor-col-50 elementor-top-column elementor-element elementor-element-37289d0\" data-id=\"37289d0\" data-element_type=\"column\">\n\t\t\t<div class=\"elementor-widget-wrap elementor-element-populated\">\n\t\t\t\t\t\t\t\t<div class=\"elementor-element elementor-element-92c05f1 elementor-widget elementor-widget-text-editor\" data-id=\"92c05f1\" data-element_type=\"widget\" data-widget_type=\"text-editor.default\">\n\t\t\t\t<div class=\"elementor-widget-container\">\n\t\t\t\t\t\t\t<h3>Serrage et ajustement<\/h3><p><img class=\"alignleft wp-image-1132 size-thumbnail\" src=\"http:\/\/www.ovooro.com\/wp-content\/uploads\/2022\/07\/serrage-precis-casques-enfants-150x150.png\" alt=\"Molette d'ajustement des casques enfants Ovooro con\u00e7u pour le VTT, v\u00e9lo, roller, skate et trottinette\" width=\"150\" height=\"150\" \/><\/p><h4>Molette de pr\u00e9cision<\/h4><p>Un serrage pr\u00e9cis \u00e0 l&#8217;arri\u00e8re est \u00e9quip\u00e9 sur ce casque et vous permettra de facilement ajuster le serrage afin d&#8217;avoir un maintien parfait sur la t\u00eate de votre enfant.<\/p><p><img class=\"alignleft wp-image-1133 size-thumbnail\" src=\"http:\/\/www.ovooro.com\/wp-content\/uploads\/2022\/07\/serrage-sangles-laterales-150x150.png\" alt=\"Sangles d'ajustement lat\u00e9ral casques enfants Ovooro\" width=\"150\" height=\"150\" \/><\/p><h4>Sangles avec boucle de serrage\u200b<\/h4><p>Ce casque est \u00e9quip\u00e9 de deux sangles d&#8217;ajustement lat\u00e9rales (droite et gauche) afin que vous puissiez r\u00e9gler le niveau de la jugulaire sous le menton de votre enfant afin que le casque soit maintenu correctement sans \u00eatre trop serr\u00e9.<br \/><img class=\"alignleft wp-image-1134 size-thumbnail\" src=\"http:\/\/www.ovooro.com\/wp-content\/uploads\/2022\/07\/jugulaire-casque-enfant-150x150.png\" alt=\"Attache menton jugulaire Casque enfant ovooro\" width=\"150\" height=\"150\" \/><\/p><h3>Jugulaire r\u00e9glable<\/h3><p>La jugulaire de ce casque est r\u00e9glable et vous pourrez ajuster la longueur des sangles afin que la jugulaire arrive sous le menton correctement.<\/p>\t\t\t\t\t\t<\/div>\n\t\t\t\t<\/div>\n\t\t\t\t\t<\/div>\n\t\t<\/div>\n\t\t\t\t\t\t\t<\/div>\n\t\t<\/section>\n\t\t\t\t\t\t<\/div>\n\t\t<br \/>\n\t\t<div data-elementor-type=\"section\" data-elementor-id=\"1086\" class=\"elementor elementor-1086\">\n\t\t\t\t\t\t\t\t<section class=\"elementor-section elementor-top-section elementor-element elementor-element-6b10ed2 elementor-section-full_width elementor-section-gap-beside-yes elementor-section-height-default elementor-section-height-default elementor-section-column-vertical-align-stretch\" data-id=\"6b10ed2\" data-element_type=\"section\">\n\t\t\t\t\t\t<div class=\"elementor-container elementor-column-gap-narrow\">\n\t\t\t\t\t<div class=\"elementor-column elementor-col-50 elementor-top-column elementor-element elementor-element-f8d26ac\" data-id=\"f8d26ac\" data-element_type=\"column\">\n\t\t\t<div class=\"elementor-widget-wrap elementor-element-populated\">\n\t\t\t\t\t\t\t\t<div class=\"elementor-element elementor-element-351c04c elementor-widget elementor-widget-heading\" data-id=\"351c04c\" data-element_type=\"widget\" data-widget_type=\"heading.default\">\n\t\t\t\t<div class=\"elementor-widget-container\">\n\t\t\t<style>\/*! elementor - v3.11.2 - 22-02-2023 *\/\n.elementor-heading-title{padding:0;margin:0;line-height:1}.elementor-widget-heading .elementor-heading-title[class*=elementor-size-]>a{color:inherit;font-size:inherit;line-height:inherit}.elementor-widget-heading .elementor-heading-title.elementor-size-small{font-size:15px}.elementor-widget-heading .elementor-heading-title.elementor-size-medium{font-size:19px}.elementor-widget-heading .elementor-heading-title.elementor-size-large{font-size:29px}.elementor-widget-heading .elementor-heading-title.elementor-size-xl{font-size:39px}.elementor-widget-heading .elementor-heading-title.elementor-size-xxl{font-size:59px}<\/style><h3 class=\"elementor-heading-title elementor-size-default\">Tests de s\u00e9curit\u00e9<\/h3>\t\t<\/div>\n\t\t\t\t<\/div>\n\t\t\t\t<div class=\"elementor-element elementor-element-1c10c2d elementor-widget elementor-widget-text-editor\" data-id=\"1c10c2d\" data-element_type=\"widget\" data-widget_type=\"text-editor.default\">\n\t\t\t\t<div class=\"elementor-widget-container\">\n\t\t\t\t\t\t\t<p>La pratique du v\u00e9lo, du roller, patin \u00e0 roulettes, skateboard et de la trottinette comporte souvent des risques. Ces activit\u00e9s sont \u00e0 l&#8217;origine d&#8217;accidents, souvent b\u00e9nins mais qui peuvent parfois \u00eatre graves. Le port du casque est recommand\u00e9 dans la mesure du possible.<\/p><h4>Aux normes avec 3 certifications<\/h4><p>Les casques Ovooro sont con\u00e7us pour vous prot\u00e9ger efficacement et ont re\u00e7us les certifications <strong>NF EN 1078<\/strong>, <strong>CE<\/strong> et <strong>CPSC<\/strong> apr\u00e8s avoir \u00e9t\u00e9 soumis aux tests r\u00e9glement\u00e9s Fran\u00e7ais, Europ\u00e9ens et US. Ces normes vous garantissent confort, qualit\u00e9, s\u00e9curit\u00e9 et protection sur <strong>v\u00e9lo<\/strong>, <strong>skateboard<\/strong>, <strong>roller<\/strong>, et <strong>trottinette<\/strong>.<\/p>\t\t\t\t\t\t<\/div>\n\t\t\t\t<\/div>\n\t\t\t\t<section class=\"elementor-section elementor-inner-section elementor-element elementor-element-f8be4a5 elementor-section-boxed elementor-section-gap-beside-yes elementor-section-height-default elementor-section-height-default elementor-section-column-vertical-align-stretch\" data-id=\"f8be4a5\" data-element_type=\"section\">\n\t\t\t\t\t\t<div class=\"elementor-container elementor-column-gap-extended\">\n\t\t\t\t\t<div class=\"elementor-column elementor-col-33 elementor-inner-column elementor-element elementor-element-e749247\" data-id=\"e749247\" data-element_type=\"column\">\n\t\t\t<div class=\"elementor-widget-wrap elementor-element-populated\">\n\t\t\t\t\t\t\t\t<div class=\"elementor-element elementor-element-e8fb946 elementor-widget elementor-widget-image\" data-id=\"e8fb946\" data-element_type=\"widget\" data-widget_type=\"image.default\">\n\t\t\t\t<div class=\"elementor-widget-container\">\n\t\t\t<style>\/*! elementor - v3.11.2 - 22-02-2023 *\/\n.elementor-widget-image{text-align:center}.elementor-widget-image a{display:inline-block}.elementor-widget-image a img[src$=\".svg\"]{width:48px}.elementor-widget-image img{vertical-align:middle;display:inline-block}<\/style>\t\t\t\t\t\t\t\t\t\t\t\t<img width=\"640\" height=\"640\" src=\"https:\/\/www.ovooro.com\/wp-content\/uploads\/2022\/07\/CE-En-1078-Ovooro.svg\" class=\"attachment-large size-large wp-image-1090\" alt=\"\" \/>\t\t\t\t\t\t\t\t\t\t\t\t\t\t\t<\/div>\n\t\t\t\t<\/div>\n\t\t\t\t\t<\/div>\n\t\t<\/div>\n\t\t\t\t<div class=\"elementor-column elementor-col-33 elementor-inner-column elementor-element elementor-element-4a1bedf\" data-id=\"4a1bedf\" data-element_type=\"column\">\n\t\t\t<div class=\"elementor-widget-wrap elementor-element-populated\">\n\t\t\t\t\t\t\t\t<div class=\"elementor-element elementor-element-b74e205 elementor-widget elementor-widget-image\" data-id=\"b74e205\" data-element_type=\"widget\" data-widget_type=\"image.default\">\n\t\t\t\t<div class=\"elementor-widget-container\">\n\t\t\t\t\t\t\t\t\t\t\t\t\t\t\t<img width=\"271\" height=\"384\" src=\"https:\/\/www.ovooro.com\/wp-content\/uploads\/2022\/07\/fr-eu-ovooro.png\" class=\"attachment-large size-large wp-image-1089\" alt=\"\" srcset=\"https:\/\/www.ovooro.com\/wp-content\/uploads\/2022\/07\/fr-eu-ovooro.png 271w, https:\/\/www.ovooro.com\/wp-content\/uploads\/2022\/07\/fr-eu-ovooro-212x300.png 212w, https:\/\/www.ovooro.com\/wp-content\/uploads\/2022\/07\/fr-eu-ovooro-60x85.png 60w, https:\/\/www.ovooro.com\/wp-content\/uploads\/2022\/07\/fr-eu-ovooro-110x156.png 110w\" sizes=\"(max-width: 271px) 100vw, 271px\" \/>\t\t\t\t\t\t\t\t\t\t\t\t\t\t\t<\/div>\n\t\t\t\t<\/div>\n\t\t\t\t\t<\/div>\n\t\t<\/div>\n\t\t\t\t<div class=\"elementor-column elementor-col-33 elementor-inner-column elementor-element elementor-element-3940dbd\" data-id=\"3940dbd\" data-element_type=\"column\">\n\t\t\t<div class=\"elementor-widget-wrap elementor-element-populated\">\n\t\t\t\t\t\t\t\t<div class=\"elementor-element elementor-element-2c8f118 elementor-widget elementor-widget-image\" data-id=\"2c8f118\" data-element_type=\"widget\" data-widget_type=\"image.default\">\n\t\t\t\t<div class=\"elementor-widget-container\">\n\t\t\t\t\t\t\t\t\t\t\t\t\t\t\t<img width=\"640\" height=\"640\" src=\"https:\/\/www.ovooro.com\/wp-content\/uploads\/2022\/07\/CPSC-ovooro.svg\" class=\"attachment-large size-large wp-image-1091\" alt=\"\" \/>\t\t\t\t\t\t\t\t\t\t\t\t\t\t\t<\/div>\n\t\t\t\t<\/div>\n\t\t\t\t\t<\/div>\n\t\t<\/div>\n\t\t\t\t\t\t\t<\/div>\n\t\t<\/section>\n\t\t\t\t\t<\/div>\n\t\t<\/div>\n\t\t\t\t<div class=\"elementor-column elementor-col-50 elementor-top-column elementor-element elementor-element-ffc59c0\" data-id=\"ffc59c0\" data-element_type=\"column\">\n\t\t\t<div class=\"elementor-widget-wrap elementor-element-populated\">\n\t\t\t\t\t\t\t\t<div class=\"elementor-element elementor-element-6db470a elementor-widget elementor-widget-heading\" data-id=\"6db470a\" data-element_type=\"widget\" data-widget_type=\"heading.default\">\n\t\t\t\t<div class=\"elementor-widget-container\">\n\t\t\t<h3 class=\"elementor-heading-title elementor-size-default\">Pourquoi acheter chez nous<\/h3>\t\t<\/div>\n\t\t\t\t<\/div>\n\t\t\t\t<div class=\"elementor-element elementor-element-93eb301 elementor-icon-list--layout-traditional elementor-list-item-link-full_width elementor-widget elementor-widget-icon-list\" data-id=\"93eb301\" data-element_type=\"widget\" data-widget_type=\"icon-list.default\">\n\t\t\t\t<div class=\"elementor-widget-container\">\n\t\t\t<link rel=\"stylesheet\" href=\"https:\/\/www.ovooro.com\/wp-content\/plugins\/elementor\/assets\/css\/widget-icon-list.min.css\">\t\t<ul class=\"elementor-icon-list-items\">\n\t\t\t\t\t\t\t<li class=\"elementor-icon-list-item\">\n\t\t\t\t\t\t\t\t\t\t\t<span class=\"elementor-icon-list-icon\">\n\t\t\t\t\t\t\t<i aria-hidden=\"true\" class=\"far fa-check-circle\"><\/i>\t\t\t\t\t\t<\/span>\n\t\t\t\t\t\t\t\t\t\t<span class=\"elementor-icon-list-text\">Entreprise Fran\u00e7aise qui travaille dur pour vous proposer des produits sympas pour vous grands et petits riders<\/span>\n\t\t\t\t\t\t\t\t\t<\/li>\n\t\t\t\t\t\t\t\t<li class=\"elementor-icon-list-item\">\n\t\t\t\t\t\t\t\t\t\t\t<span class=\"elementor-icon-list-icon\">\n\t\t\t\t\t\t\t<i aria-hidden=\"true\" class=\"far fa-check-circle\"><\/i>\t\t\t\t\t\t<\/span>\n\t\t\t\t\t\t\t\t\t\t<span class=\"elementor-icon-list-text\">B\u00e9n\u00e9fices r\u00e9investis dans le but d'am\u00e9liorer le quotidien des riders et offrir des produits plus \u00e9cologiques et recyclables<\/span>\n\t\t\t\t\t\t\t\t\t<\/li>\n\t\t\t\t\t\t\t\t<li class=\"elementor-icon-list-item\">\n\t\t\t\t\t\t\t\t\t\t\t<span class=\"elementor-icon-list-icon\">\n\t\t\t\t\t\t\t<i aria-hidden=\"true\" class=\"far fa-check-circle\"><\/i>\t\t\t\t\t\t<\/span>\n\t\t\t\t\t\t\t\t\t\t<span class=\"elementor-icon-list-text\">Une petite communaut\u00e9 de parents, grands parents et adultes passionn\u00e9s par nos produits<\/span>\n\t\t\t\t\t\t\t\t\t<\/li>\n\t\t\t\t\t\t\t\t<li class=\"elementor-icon-list-item\">\n\t\t\t\t\t\t\t\t\t\t\t<span class=\"elementor-icon-list-icon\">\n\t\t\t\t\t\t\t<i aria-hidden=\"true\" class=\"far fa-check-circle\"><\/i>\t\t\t\t\t\t<\/span>\n\t\t\t\t\t\t\t\t\t\t<span class=\"elementor-icon-list-text\">Des articles uniques, de qualit\u00e9 et certifi\u00e9s ; pour le bonheur, le confort et la s\u00e9curit\u00e9 de tous<\/span>\n\t\t\t\t\t\t\t\t\t<\/li>\n\t\t\t\t\t\t<\/ul>\n\t\t\t\t<\/div>\n\t\t\t\t<\/div>\n\t\t\t\t\t<\/div>\n\t\t<\/div>\n\t\t\t\t\t\t\t<\/div>\n\t\t<\/section>\n\t\t\t\t\t\t<\/div>\n\t\t<\/p>\n<script language='javascript' type='text\/javascript'>function getWR360PopupSkin(){return 'light_clean';}<\/script>","protected":false},"excerpt":{"rendered":"<ul>\n<li>Pour le v\u00e9lo, vtt, skateboard, roller, trottinette<\/li>\n<li>Fun et color\u00e9, design 3D<\/li>\n<li>Serrages ajustables et mousses int\u00e9rieures<\/li>\n<\/ul>","protected":false},"featured_media":1234,"comment_status":"open","ping_status":"closed","template":"","meta":{"inline_featured_image":false,"_themeisle_gutenberg_block_has_review":false},"product_brand":[],"product_cat":[106,64,63,65,67,107,16],"product_tag":[],"_links":{"self":[{"href":"https:\/\/www.ovooro.com\/fr_be\/wp-json\/wp\/v2\/product\/89"}],"collection":[{"href":"https:\/\/www.ovooro.com\/fr_be\/wp-json\/wp\/v2\/product"}],"about":[{"href":"https:\/\/www.ovooro.com\/fr_be\/wp-json\/wp\/v2\/types\/product"}],"replies":[{"embeddable":true,"href":"https:\/\/www.ovooro.com\/fr_be\/wp-json\/wp\/v2\/comments?post=89"}],"version-history":[{"count":0,"href":"https:\/\/www.ovooro.com\/fr_be\/wp-json\/wp\/v2\/product\/89\/revisions"}],"wp:featuredmedia":[{"embeddable":true,"href":"https:\/\/www.ovooro.com\/fr_be\/wp-json\/wp\/v2\/media\/1234"}],"wp:attachment":[{"href":"https:\/\/www.ovooro.com\/fr_be\/wp-json\/wp\/v2\/media?parent=89"}],"wp:term":[{"taxonomy":"product_brand","embeddable":true,"href":"https:\/\/www.ovooro.com\/fr_be\/wp-json\/wp\/v2\/product_brand?post=89"},{"taxonomy":"product_cat","embeddable":true,"href":"https:\/\/www.ovooro.com\/fr_be\/wp-json\/wp\/v2\/product_cat?post=89"},{"taxonomy":"product_tag","embeddable":true,"href":"https:\/\/www.ovooro.com\/fr_be\/wp-json\/wp\/v2\/product_tag?post=89"}],"curies":[{"name":"wp","href":"https:\/\/api.w.org\/{rel}","templated":true}]}}