{"id":750,"date":"2021-07-31T16:01:14","date_gmt":"2021-07-31T14:01:14","guid":{"rendered":"http:\/\/www.ovooro.com\/?post_type=product&#038;p=750"},"modified":"2025-12-18T16:12:48","modified_gmt":"2025-12-18T15:12:48","slug":"casque-velo-vtt-cairbull-camo-gris","status":"publish","type":"product","link":"https:\/\/www.ovooro.com\/fr_be\/produits\/casques-vtt\/casque-velo-vtt-cairbull-camo-gris\/","title":{"rendered":"Casque V\u00e9lo VTT Cairbull Camo Gris"},"content":{"rendered":"<p><!--themify_builder_static--><\/p>\n<h3><strong>Portez un casque au design sportif qui a du style<\/strong><\/h3>\n<p>Ce casque de protection pour le V\u00e9lo, VTT adopte un style actuel tr\u00e8s \u00e0 la mode. \u00c9chappez vous \u00e0 v\u00e9lo, ou a vtt sur tout vos sentiers pr\u00e9f\u00e9r\u00e9s avec une allure sportive. Restez concentr\u00e9 sur votre trajet tout en am\u00e9liorant votre s\u00e9curit\u00e9 avec ce casque unique d\u00e9nich\u00e9 pour vous par ovooro.<\/p>\n<h3><strong>Vos sorties seront moins risqu\u00e9es et mieux prot\u00e9g\u00e9es<\/strong><\/h3>\n<p><b>Pratiquez avec la s\u00e9curit\u00e9 qui va avec :\u00a0<\/b>Que ce soit un simple trajet en ville, ou un combat plus sportif sur des chemins de terre, ce casque sera une ultime protection pour votre <b>pratique urbaine, XC Cross, All Mountain ou Enduro<\/b>. Votre cr\u00e2ne n&#8217;en sera que plus heureux en cas de chute.<\/p>\n<h2>Normes de s\u00e9curit\u00e9<\/h2>\n<p><img decoding=\"async\" class=\"alignleft\" title=\"cspc\" src=\"http:\/\/www.ovooro.com\/wp-content\/uploads\/2021\/07\/cspc-100x100.png\" sizes=\"(max-width: 100px) 100vw, 100px\" srcset=\"http:\/\/www.ovooro.com\/wp-content\/uploads\/2021\/07\/cspc-100x100.png 100w, http:\/\/www.ovooro.com\/wp-content\/uploads\/2021\/07\/cspc-150x150.png 150w, http:\/\/www.ovooro.com\/wp-content\/uploads\/2021\/07\/cspc-300x300.png 300w\" alt=\"casque-enfant-securite-homologue-cspc\" width=\"100\" height=\"100\" \/><img decoding=\"async\" class=\"alignleft\" title=\"ce-casque-enfant-dinosaure\" src=\"http:\/\/www.ovooro.com\/wp-content\/uploads\/2021\/07\/ce-logo-vector-1.svg\" sizes=\"(max-width: 100px) 100vw, 100px\" srcset=\"http:\/\/www.ovooro.com\/wp-content\/uploads\/\/2021\/07\/ce-logo-vector-1.svg 150w, http:\/\/www.ovooro.com\/wp-content\/uploads\/\/2021\/07\/ce-logo-vector-1.svg 300w, http:\/\/www.ovooro.com\/wp-content\/uploads\/\/2021\/07\/ce-logo-vector-1.svg 1024w\" alt=\"casque-securite-enfant-dinosaure-homologue-ce\" width=\"100\" height=\"100\" \/><\/p>\n<h3>Casque homologu\u00e9 CE et CPSC<\/h3>\n<p>Conforme aux normes de s\u00e9curit\u00e9 europ\u00e9ennes et am\u00e9ricaines, les casques ovooro sont con\u00e7us avec une coque int\u00e9rieure EPS sp\u00e9cifique pour absorber les chocs et le moule a \u00e9t\u00e9 \u00e9tudi\u00e9 pour un bon maintient sur la t\u00eate de votre ou vos enfants.<\/p>\n<h2>Confort et caract\u00e9ristiques<\/h2>\n<h3>Mousse int\u00e9rieure haute densit\u00e9<\/h3>\n<p>Les casques ovooro offrent le confort n\u00e9cessaire afin que votre enfant n&#8217;ai pas mal lorsqu&#8217;il le porte pendant plusieurs heures. Nos mousses int\u00e9rieures ont un rembourrage de haute densit\u00e9, sont ergonomiques, plac\u00e9es et solidement fix\u00e9es au endroits n\u00e9cessaires pour que la t\u00eate de votre enfant soit bien maintenue.<\/p>\n<h3>Trous d&#8217;a\u00e9ration, compatible avec les accessoires<\/h3>\n<p>Les espaces de ventilation \u00e0 l&#8217;avant sur le dessus et \u00e0 l&#8217;arri\u00e8re \u00e9vitent d&#8217;avoir chaud, et permettent \u00e9galement de fixer des accessoires type GoPro, ou lumi\u00e8res au besoin.<\/p>\n<ul>\n<li>\n<h4>Caract\u00e9ristiques<\/h4>\n<ul>\n<li>Serrage menton r\u00e9glable<\/li>\n<li>Serrage casque ajustable \u00e0 l&#8217;arri\u00e8re<\/li>\n<li>Homologu\u00e9 CE et CPSC<\/li>\n<li>A\u00e9rations \u00e0 l&#8217;avant, sur le dessus et \u00e0 l&#8217;arri\u00e8re<\/li>\n<li>Compatible avec les accessoires type GoPro, ou lumi\u00e8res<\/li>\n<\/ul>\n<\/li>\n<\/ul>\n<p><!--\/themify_builder_static--><\/p>\n<script language='javascript' type='text\/javascript'>function getWR360PopupSkin(){return 'light_clean';}<\/script>","protected":false},"excerpt":{"rendered":"<ul>\n<li><strong>Casque Cairbull Camo Gris<\/strong><\/li>\n<li>Pour le v\u00e9lo, le vtt, xc cross, all mountain, enduro<\/li>\n<li>Homologu\u00e9 CE et CPSC<\/li>\n<li>Serrage t\u00eate ajustable ainsi que l&#8217;attache menton<\/li>\n<li>Mousses int\u00e9rieures<\/li>\n<li>Unisexe, convient pour Homme\/Femme<\/li>\n<\/ul>","protected":false},"featured_media":751,"comment_status":"open","ping_status":"closed","template":"","meta":{"inline_featured_image":false,"_themeisle_gutenberg_block_has_review":false},"product_brand":[],"product_cat":[109,108,118,110,119,117],"product_tag":[122,94,134,124,121,27,54,123],"_links":{"self":[{"href":"https:\/\/www.ovooro.com\/fr_be\/wp-json\/wp\/v2\/product\/750"}],"collection":[{"href":"https:\/\/www.ovooro.com\/fr_be\/wp-json\/wp\/v2\/product"}],"about":[{"href":"https:\/\/www.ovooro.com\/fr_be\/wp-json\/wp\/v2\/types\/product"}],"replies":[{"embeddable":true,"href":"https:\/\/www.ovooro.com\/fr_be\/wp-json\/wp\/v2\/comments?post=750"}],"version-history":[{"count":0,"href":"https:\/\/www.ovooro.com\/fr_be\/wp-json\/wp\/v2\/product\/750\/revisions"}],"wp:featuredmedia":[{"embeddable":true,"href":"https:\/\/www.ovooro.com\/fr_be\/wp-json\/wp\/v2\/media\/751"}],"wp:attachment":[{"href":"https:\/\/www.ovooro.com\/fr_be\/wp-json\/wp\/v2\/media?parent=750"}],"wp:term":[{"taxonomy":"product_brand","embeddable":true,"href":"https:\/\/www.ovooro.com\/fr_be\/wp-json\/wp\/v2\/product_brand?post=750"},{"taxonomy":"product_cat","embeddable":true,"href":"https:\/\/www.ovooro.com\/fr_be\/wp-json\/wp\/v2\/product_cat?post=750"},{"taxonomy":"product_tag","embeddable":true,"href":"https:\/\/www.ovooro.com\/fr_be\/wp-json\/wp\/v2\/product_tag?post=750"}],"curies":[{"name":"wp","href":"https:\/\/api.w.org\/{rel}","templated":true}]}}